{"id":24,"date":"2014-03-30T17:08:24","date_gmt":"2014-03-30T15:08:24","guid":{"rendered":"http:\/\/localhost\/wordpress\/?page_id=24"},"modified":"2024-06-27T11:15:30","modified_gmt":"2024-06-27T09:15:30","slug":"impressum","status":"publish","type":"page","link":"http:\/\/www.hmv-voehrenbach.de\/?page_id=24","title":{"rendered":"Impressum"},"content":{"rendered":"<p><code><p>Inhaber des Unternehmens: <br \/>Ursbachweg 10\/2<\/p>\n<p>Deutschland<br \/>E-Mail-Adresse: <a href=\"mailto:dold.michel@gmail.com\">dold.michel@gmail.com<\/a><br \/>Telefonnummer: <\/p>\n<p>Verantwortlich f\u00fcr den Inhalt: <\/p>\n<p>Plattform der Europ&auml;ischen Kommission zur Online-Streitbeilegung (OS) f&uuml;r Verbraucher: <a href=\"https:\/\/ec.europa.eu\/consumers\/odr\/\" target=\"_blank\">https:\/\/ec.europa.eu\/consumers\/odr\/<\/a>. Wir sind nicht bereit und nicht verpflichtet an einem Streitbeilegungsverfahren vor einer Verbraucherschlichtungsstelle teilzunehmen.<\/p>\n<\/code><\/p>\n<p>Angaben gem\u00e4ss \u00a7 5 TMG:<\/p>\n<p>Harmonikaverein V\u00f6hrenbach e. V.<br \/>\nUrachtalstra\u00dfe 41<\/p>\n<p>78147 V\u00f6hrenbach<\/p>\n<p>Vertreten durch:<\/p>\n<table style=\"height: 170px;\" width=\"286\">\n<tbody>\n<tr>\n<td>Name:<\/td>\n<td>Frau Marina Schneider<\/td>\n<\/tr>\n<tr>\n<td>Telefon:<\/td>\n<td>+49 (0) 7657 9 33 369<\/td>\n<\/tr>\n<tr>\n<td>Mobil:<\/td>\n<td>+49 (0) 175 12 41 483<\/td>\n<\/tr>\n<tr>\n<td>E-Mail<\/td>\n<td>marinaguenter@gmx.de<\/td>\n<\/tr>\n<tr>\n<td><\/td>\n<td><\/td>\n<\/tr>\n<\/tbody>\n<\/table>\n<table>\n<tbody>\n<tr>\n<td>Name:<\/td>\n<td>Frau Susanne Dold<\/td>\n<\/tr>\n<tr>\n<td>Telefon:<\/td>\n<td>+49 (0) 7727 929877<\/td>\n<\/tr>\n<tr>\n<td>Mobil:<\/td>\n<td>+49 (0) 176 34 34 4223<\/td>\n<\/tr>\n<tr>\n<td>E-Mail:<\/td>\n<td>susanne.dold@web.de<\/td>\n<\/tr>\n<\/tbody>\n<\/table>\n<h3>Registereintrag:<\/h3>\n<p>Eintragung im Vereinsregister.<br \/>\nRegistergericht:Amtsgericht Freiburg<br \/>\nRegisternummer: VR 610265<\/p>\n<h3>Wirtschafts-Identifikationsnummer:<\/h3>\n<p>Wirtschafts-Identifikationsnummer gem\u00e4ss \u00a7139 c Abgabenordnung:<br \/>\nDE 999 999 999<\/p>\n<h3>Aufsichtsbeh\u00f6rde:<\/h3>\n<p>Landratsamt Schwarzwald &#8211; Baar<\/p>\n<h3>Verantwortlich f\u00fcr den Inhalt nach \u00a7 55 Abs. 2 RStV:<\/h3>\n<p>Marina Schneider<br \/>\nUrachtalstra\u00dfe 41<br \/>\n78147 V\u00f6hrenbach<\/p>\n<h3>Haftungsausschluss:<\/h3>\n<p><strong>Haftung f\u00fcr Inhalte<\/strong><\/p>\n<p>Die Inhalte unserer Seiten wurden mit gr\u00f6sster Sorgfalt erstellt. F\u00fcr die Richtigkeit, Vollst\u00e4ndigkeit und Aktualit\u00e4t der Inhalte k\u00f6nnen wir jedoch keine Gew\u00e4hr \u00fcbernehmen. Als Diensteanbieter sind wir gem\u00e4ss \u00a7 7 Abs.1 TMG f\u00fcr eigene Inhalte auf diesen Seiten nach den allgemeinen Gesetzen verantwortlich. Nach \u00a7\u00a7 8 bis 10 TMG sind wir als Diensteanbieter jedoch nicht verpflichtet, \u00fcbermittelte oder gespeicherte fremde Informationen zu \u00fcberwachen oder nach Umst\u00e4nden zu forschen, die auf eine rechtswidrige T\u00e4tigkeit hinweisen. Verpflichtungen zur Entfernung oder Sperrung der Nutzung von Informationen nach den allgemeinen Gesetzen bleiben hiervon unber\u00fchrt. Eine diesbez\u00fcgliche Haftung ist jedoch erst ab dem Zeitpunkt der Kenntnis einer konkreten Rechtsverletzung m\u00f6glich. Bei Bekanntwerden von entsprechenden Rechtsverletzungen werden wir diese Inhalte umgehend entfernen.<\/p>\n<p><strong>Haftung f\u00fcr Links<\/strong><\/p>\n<p>Unser Angebot enth\u00e4lt Links zu externen Webseiten Dritter, auf deren Inhalte wir keinen Einfluss haben. Deshalb k\u00f6nnen wir f\u00fcr diese fremden Inhalte auch keine Gew\u00e4hr \u00fcbernehmen. F\u00fcr die Inhalte der verlinkten Seiten ist stets der jeweilige Anbieter oder Betreiber der Seiten verantwortlich. Die verlinkten Seiten wurden zum Zeitpunkt der Verlinkung auf m\u00f6gliche Rechtsverst\u00f6sse \u00fcberpr\u00fcft. Rechtswidrige Inhalte waren zum Zeitpunkt der Verlinkung nicht erkennbar. Eine permanente inhaltliche Kontrolle der verlinkten Seiten ist jedoch ohne konkrete Anhaltspunkte einer Rechtsverletzung nicht zumutbar. Bei Bekanntwerden von Rechtsverletzungen werden wir derartige Links umgehend entfernen.<\/p>\n<p><strong>Urheberrecht<\/strong><\/p>\n<p>Die durch die Seitenbetreiber erstellten Inhalte und Werke auf diesen Seiten unterliegen dem deutschen Urheberrecht. Die Vervielf\u00e4ltigung, Bearbeitung, Verbreitung und jede Art der Verwertung ausserhalb der Grenzen des Urheberrechtes bed\u00fcrfen der schriftlichen Zustimmung des jeweiligen Autors bzw. Erstellers. Downloads und Kopien dieser Seite sind nur f\u00fcr den privaten, nicht kommerziellen Gebrauch gestattet. Soweit die Inhalte auf dieser Seite nicht vom Betreiber erstellt wurden, werden die Urheberrechte Dritter beachtet. Insbesondere werden Inhalte Dritter als solche gekennzeichnet. Sollten Sie trotzdem auf eine Urheberrechtsverletzung aufmerksam werden, bitten wir um einen entsprechenden Hinweis. Bei Bekanntwerden von Rechtsverletzungen werden wir derartige Inhalte umgehend entfernen.<\/p>\n<p><strong>Datenschutz<\/strong><\/p>\n<p>Die Nutzung unserer Webseite ist in der Regel ohne Angabe personenbezogener Daten m\u00f6glich. Soweit auf unseren Seiten personenbezogene Daten (beispielsweise Name, Anschrift oder eMail-Adressen) erhoben werden, erfolgt dies, soweit m\u00f6glich, stets auf freiwilliger Basis. Diese Daten werden ohne Ihre ausdr\u00fcckliche Zustimmung nicht an Dritte weitergegeben.<\/p>\n<p>Wir weisen darauf hin, dass die Daten\u00fcbertragung im Internet (z.B. bei der Kommunikation per E-Mail) Sicherheitsl\u00fccken aufweisen kann. Ein l\u00fcckenloser Schutz der Daten vor dem Zugriff durch Dritte ist nicht m\u00f6glich.<\/p>\n<p>\u00dcbersendung von nicht ausdr\u00fccklich angeforderter Werbung und Informationsmaterialien wird hiermit ausdr\u00fccklich widersprochen. Die Betreiber der Seiten behalten sich ausdr\u00fccklich rechtliche Schritte im Falle der unverlangten Zusendung von Werbeinformationen, etwa durch Spam-Mails, vor.<\/p>\n","protected":false},"excerpt":{"rendered":"<p>Angaben gem\u00e4ss \u00a7 5 TMG: Harmonikaverein V\u00f6hrenbach e. V. Urachtalstra\u00dfe 41 78147 V\u00f6hrenbach Vertreten durch: Name: Frau Marina Schneider Telefon: +49 (0) 7657 9 33 369 Mobil: +49 (0) 175 12 41 483 E-Mail marinaguenter@gmx.de Name: Frau Susanne Dold Telefon: +49 (0) 7727 929877 Mobil: +49 (0) 176 34 34 4223 E-Mail: susanne.dold@web.de Registereintrag: Eintragung [&hellip;]<\/p>\n","protected":false},"author":1,"featured_media":0,"parent":0,"menu_order":9,"comment_status":"closed","ping_status":"closed","template":"","meta":{"ngg_post_thumbnail":0,"footnotes":""},"class_list":["post-24","page","type-page","status-publish","hentry"],"_links":{"self":[{"href":"http:\/\/www.hmv-voehrenbach.de\/index.php?rest_route=\/wp\/v2\/pages\/24"}],"collection":[{"href":"http:\/\/www.hmv-voehrenbach.de\/index.php?rest_route=\/wp\/v2\/pages"}],"about":[{"href":"http:\/\/www.hmv-voehrenbach.de\/index.php?rest_route=\/wp\/v2\/types\/page"}],"author":[{"embeddable":true,"href":"http:\/\/www.hmv-voehrenbach.de\/index.php?rest_route=\/wp\/v2\/users\/1"}],"replies":[{"embeddable":true,"href":"http:\/\/www.hmv-voehrenbach.de\/index.php?rest_route=%2Fwp%2Fv2%2Fcomments&post=24"}],"version-history":[{"count":10,"href":"http:\/\/www.hmv-voehrenbach.de\/index.php?rest_route=\/wp\/v2\/pages\/24\/revisions"}],"predecessor-version":[{"id":2131,"href":"http:\/\/www.hmv-voehrenbach.de\/index.php?rest_route=\/wp\/v2\/pages\/24\/revisions\/2131"}],"wp:attachment":[{"href":"http:\/\/www.hmv-voehrenbach.de\/index.php?rest_route=%2Fwp%2Fv2%2Fmedia&parent=24"}],"curies":[{"name":"wp","href":"https:\/\/api.w.org\/{rel}","templated":true}]}}