{"id":5,"date":"2014-03-30T17:00:43","date_gmt":"2014-03-30T15:00:43","guid":{"rendered":"http:\/\/localhost\/wordpress\/?page_id=5"},"modified":"2024-07-17T17:09:14","modified_gmt":"2024-07-17T15:09:14","slug":"termine","status":"publish","type":"page","link":"http:\/\/www.hmv-voehrenbach.de\/","title":{"rendered":"Termine"},"content":{"rendered":"\n<div class=\"wp-block-group is-vertical is-layout-flex wp-container-core-group-is-layout-2 wp-block-group-is-layout-flex\">\n<div class=\"wp-block-group is-vertical is-layout-flex wp-container-core-group-is-layout-1 wp-block-group-is-layout-flex\">\n<h1 class=\"wp-block-heading has-medium-font-size\"><\/h1>\n\n\n\n<h1 class=\"wp-block-heading\"><\/h1>\n<\/div>\n<\/div>\n\n\n\n<!--more-->\n\n\n\n<hr class=\"wp-block-separator has-alpha-channel-opacity is-style-wide\"\/>\n\n\n\n<p><\/p>\n\n\n\n<div class=\"wp-block-group is-vertical is-layout-flex wp-container-core-group-is-layout-3 wp-block-group-is-layout-flex\"><\/div>\n\n\n\n<h1 class=\"wp-block-heading has-x-large-font-size\">Stadtfest in V\u00f6hrenbach 12-14.07.24<\/h1>\n\n\n\n<p>wir waren mit dabei bei der Metzgerei Laufer mit unseren Spezialit\u00e4ten. Es war dank des angenehmen Wetters ein gro\u00dfer Erfolg f\u00fcr unsere Vereinskasse. Danke an alle Helfer und vor allem an unsere G\u00e4ste.<\/p>\n\n\n\n<p><\/p>\n\n\n\n<p><\/p>\n\n\n\n<p><\/p>\n\n\n\n<h3 class=\"wp-block-heading\"><strong>&nbsp;<\/strong><\/h3>\n\n\n\n<h3 class=\"wp-block-heading has-medium-font-size\">&nbsp;Kurkonzert in Sch\u00f6nwald am 06.10.2024 um 11 Uhr<\/h3>\n\n\n\n<h3 class=\"wp-block-heading\">&nbsp;<\/h3>\n\n\n\n<h2 class=\"wp-block-heading\"><\/h2>\n\n\n\n<h2 class=\"wp-block-heading has-large-font-size\">Jahreskonzert am Sonntag den 17.11.2024 um 15 Uhr bei Kaffee und Kuchen in der Festhalle V\u00f6hrenbach<\/h2>\n","protected":false},"excerpt":{"rendered":"","protected":false},"author":1,"featured_media":0,"parent":0,"menu_order":5,"comment_status":"open","ping_status":"closed","template":"","meta":{"ngg_post_thumbnail":0,"footnotes":""},"class_list":["post-5","page","type-page","status-publish","hentry"],"_links":{"self":[{"href":"http:\/\/www.hmv-voehrenbach.de\/index.php?rest_route=\/wp\/v2\/pages\/5"}],"collection":[{"href":"http:\/\/www.hmv-voehrenbach.de\/index.php?rest_route=\/wp\/v2\/pages"}],"about":[{"href":"http:\/\/www.hmv-voehrenbach.de\/index.php?rest_route=\/wp\/v2\/types\/page"}],"author":[{"embeddable":true,"href":"http:\/\/www.hmv-voehrenbach.de\/index.php?rest_route=\/wp\/v2\/users\/1"}],"replies":[{"embeddable":true,"href":"http:\/\/www.hmv-voehrenbach.de\/index.php?rest_route=%2Fwp%2Fv2%2Fcomments&post=5"}],"version-history":[{"count":63,"href":"http:\/\/www.hmv-voehrenbach.de\/index.php?rest_route=\/wp\/v2\/pages\/5\/revisions"}],"predecessor-version":[{"id":2124,"href":"http:\/\/www.hmv-voehrenbach.de\/index.php?rest_route=\/wp\/v2\/pages\/5\/revisions\/2124"}],"wp:attachment":[{"href":"http:\/\/www.hmv-voehrenbach.de\/index.php?rest_route=%2Fwp%2Fv2%2Fmedia&parent=5"}],"curies":[{"name":"wp","href":"https:\/\/api.w.org\/{rel}","templated":true}]}}